{"id":3966,"date":"2024-07-26T20:01:21","date_gmt":"2024-07-26T20:01:21","guid":{"rendered":"https:\/\/proxussecurity.com\/web\/?page_id=3966"},"modified":"2024-07-26T20:04:19","modified_gmt":"2024-07-26T20:04:19","slug":"recomendaciones","status":"publish","type":"page","link":"https:\/\/proxussecurity.com\/web\/recomendaciones\/","title":{"rendered":"Recomendaciones"},"content":{"rendered":"<p>[et_pb_section fb_built=\u00bb1&#8243; module_id=\u00bbid-banner\u00bb _builder_version=\u00bb4.26.0&#8243; _module_preset=\u00bbdefault\u00bb custom_margin=\u00bb0px||0px||false|false\u00bb custom_padding=\u00bb0px||0px||false|false\u00bb locked=\u00bboff\u00bb global_colors_info=\u00bb{}\u00bb][et_pb_row use_custom_gutter=\u00bbon\u00bb gutter_width=\u00bb1&#8243; make_equal=\u00bbon\u00bb _builder_version=\u00bb4.23.1&#8243; _module_preset=\u00bbdefault\u00bb width=\u00bb100%\u00bb max_width=\u00bb2560px\u00bb custom_margin=\u00bb0px||0px||false|false\u00bb custom_padding=\u00bb0px||0px||false|false\u00bb global_colors_info=\u00bb{}\u00bb][et_pb_column type=\u00bb4_4&#8243; _builder_version=\u00bb4.23.1&#8243; _module_preset=\u00bbdefault\u00bb global_colors_info=\u00bb{}\u00bb][et_pb_slider _builder_version=\u00bb4.26.0&#8243; _module_preset=\u00bbdefault\u00bb auto=\u00bbon\u00bb hover_enabled=\u00bb0&#8243; global_colors_info=\u00bb{}\u00bb sticky_enabled=\u00bb0&#8243;][et_pb_slide heading=\u00bbRecomendaciones de\u00bb button_link=\u00bbhttps:\/\/proxussecurity.com\/web\/\/contacto-comunicate-con-nosotros\/#id-escribenos\u00bb heading_last_edited=\u00bbon|desktop\u00bb content_tablet=\u00bb<\/p>\n<p style=%22text-align: center;%22>Nuestra Prioridad!<\/p>\n<p>\u00bb content_phone=\u00bb<\/p>\n<p style=%22text-align: center;%22>Nuestra Prioridad!<\/p>\n<p>\u00bb content_last_edited=\u00bbon|phone\u00bb _builder_version=\u00bb4.26.0&#8243; _module_preset=\u00bbdefault\u00bb header_level=\u00bbh2&#8243; header_font=\u00bbMontserrat|700|||||||\u00bb header_text_align=\u00bbcenter\u00bb header_font_size=\u00bb35px\u00bb header_line_height=\u00bb1.5em\u00bb body_font=\u00bbMontserrat|800|||||||\u00bb body_text_align=\u00bbleft\u00bb body_text_color=\u00bb#FFFFFF\u00bb body_font_size=\u00bb50px\u00bb body_line_height=\u00bb0.1em\u00bb background_color=\u00bb#000000&#8243; background_enable_color=\u00bbon\u00bb background_enable_image=\u00bboff\u00bb background_blend=\u00bbmultiply\u00bb background_enable_pattern_style=\u00bbon\u00bb background_pattern_style=\u00bbcubes\u00bb background_pattern_color=\u00bb#191919&#8243; background_pattern_size=\u00bbcontain\u00bb background_pattern_repeat_origin=\u00bbcenter\u00bb custom_button=\u00bbon\u00bb button_text_size=\u00bb16px\u00bb button_text_color=\u00bb#FFFFFF\u00bb button_bg_color=\u00bb#ffcc00&#8243; button_border_color=\u00bbRGBA(255,255,255,0)\u00bb button_border_radius=\u00bb100px\u00bb button_font=\u00bbMontserrat|600|||||||\u00bb button_use_icon=\u00bbon\u00bb button_icon=\u00bb&#x41;||divi||400&#8243; button_icon_color=\u00bb#FFFFFF\u00bb button_on_hover=\u00bbon\u00bb button_alignment=\u00bbleft\u00bb button_custom_margin=\u00bb30px||0px||false|false\u00bb custom_padding=\u00bb20px||50px||false|false\u00bb hover_enabled=\u00bb0&#8243; header_text_align_tablet=\u00bbcenter\u00bb header_text_align_phone=\u00bbcenter\u00bb header_text_align_last_edited=\u00bbon|tablet\u00bb header_font_size_tablet=\u00bb35px\u00bb header_font_size_phone=\u00bb25px\u00bb header_font_size_last_edited=\u00bbon|phone\u00bb header_line_height_tablet=\u00bb1.5em\u00bb header_line_height_phone=\u00bb1.5em\u00bb header_line_height_last_edited=\u00bbon|desktop\u00bb body_font_size_tablet=\u00bb45px\u00bb body_font_size_phone=\u00bb30px\u00bb body_font_size_last_edited=\u00bbon|tablet\u00bb button_alignment_tablet=\u00bbcenter\u00bb button_alignment_phone=\u00bbcenter\u00bb button_alignment_last_edited=\u00bbon|phone\u00bb global_colors_info=\u00bb{}\u00bb sticky_transition=\u00bbon\u00bb sticky_enabled=\u00bb0&#8243; heading_tablet=\u00bbRecomendaciones de\u00bb heading_phone=\u00bbRecomendaciones de\u00bb]<\/p>\n<p style=\"text-align: center;\">Proxus<\/p>\n<p>[\/et_pb_slide][\/et_pb_slider][\/et_pb_column][\/et_pb_row][\/et_pb_section][et_pb_section fb_built=\u00bb1&#8243; custom_padding_last_edited=\u00bbon|phone\u00bb _builder_version=\u00bb4.26.0&#8243; _module_preset=\u00bbdefault\u00bb background_color=\u00bb#f9f9f9&#8243; background_enable_pattern_style=\u00bbon\u00bb background_pattern_style=\u00bbcubes\u00bb background_pattern_color=\u00bbrgba(0,0,0,0.04)\u00bb positioning=\u00bbnone\u00bb custom_margin=\u00bb0px||0px||false|false\u00bb custom_padding=\u00bb0px||0px||false|false\u00bb custom_padding_tablet=\u00bb20px||20px||false|false\u00bb custom_padding_phone=\u00bb30px||||false|false\u00bb box_shadow_style=\u00bbpreset3&#8243; box_shadow_color=\u00bbRGBA(255,255,255,0)\u00bb locked=\u00bboff\u00bb global_colors_info=\u00bb{}\u00bb][et_pb_row use_custom_gutter=\u00bbon\u00bb gutter_width=\u00bb1&#8243; make_equal=\u00bbon\u00bb custom_padding_last_edited=\u00bbon|phone\u00bb _builder_version=\u00bb4.26.0&#8243; _module_preset=\u00bbdefault\u00bb background_enable_color=\u00bboff\u00bb positioning=\u00bbnone\u00bb vertical_offset=\u00bb-80px\u00bb width=\u00bb100%\u00bb width_tablet=\u00bb90%\u00bb width_phone=\u00bb80%\u00bb width_last_edited=\u00bbon|phone\u00bb max_width=\u00bb1170px\u00bb module_alignment=\u00bbcenter\u00bb custom_margin=\u00bb0px||0px||false|false\u00bb custom_padding=\u00bb0px||0px||false|false\u00bb custom_padding_tablet=\u00bb0px||0px||false|false\u00bb custom_padding_phone=\u00bb||20px||false|false\u00bb global_colors_info=\u00bb{}\u00bb][et_pb_column type=\u00bb4_4&#8243; _builder_version=\u00bb4.26.0&#8243; _module_preset=\u00bbdefault\u00bb background_color=\u00bb#FFFFFF\u00bb custom_padding_tablet=\u00bb20px||20px||true|true\u00bb custom_padding_phone=\u00bb20px||20px||true|true\u00bb custom_padding_last_edited=\u00bbon|tablet\u00bb border_radii=\u00bboff|||30px|\u00bb border_radii_tablet=\u00bboff|||30px|30px\u00bb border_radii_phone=\u00bboff|||30px|30px\u00bb border_radii_last_edited=\u00bbon|phone\u00bb global_colors_info=\u00bb{}\u00bb][et_pb_text content_tablet=\u00bb<\/p>\n<p style=%22text-align: justify;%22>Por lo tanto, esta nueva implementaci\u00f3n ayudar\u00e1 de manera efectiva a nuestras organizaci\u00f3n trayendo los siguientes beneficios:<\/p>\n<p style=%22text-align: justify;%22>Consiste en darnos los Principios Y Directrices para establecer un Proceso de Gesti\u00f3n del Riesgo, si no realizamos nuestras operaciones teniendo en cuenta los riesgos presentes en cada una de estas, las consecuencias tanto en el rendimiento econ\u00f3mico, la imagen y reputaci\u00f3n de la empresa se puede ver afectada.<\/p>\n<p>\u00bb content_phone=\u00bb<\/p>\n<p style=%22text-align: justify;%22>Con presencia en m\u00e1s de 10 ciudades en todo el litoral peruano, la empresa Peruana <strong>PROXUS SECURITY SAC<\/strong> brinda un servicio de calidad, con personal altamente calificado y concientizado en todos los aspectos de seguridad patrimonial, seguridad y salud en el trabajo, protocolos de atenci\u00f3n a clientes, reporte de incidencias y operaciones sospechosas, preparaci\u00f3n y respuesta a eventos cr\u00edticos, y entre otros de acuerdo a la necesidad y requisitos de nuestros clientes; siempre brindando nuestro servicio a un precio competitivo en el mercado.<\/p>\n<p>\u00bb content_last_edited=\u00bbon|tablet\u00bb _builder_version=\u00bb4.26.0&#8243; _module_preset=\u00bbdefault\u00bb text_font=\u00bbMontserrat||||||||\u00bb text_text_color=\u00bb#333333&#8243; text_line_height=\u00bb2.1em\u00bb custom_margin=\u00bb0px||0px||false|false\u00bb custom_padding=\u00bb0px|20px|0px|20px|false|true\u00bb custom_padding_tablet=\u00bb0px|20px|0px|20px|false|true\u00bb custom_padding_phone=\u00bb0px|20px|0px|20px|false|true\u00bb custom_padding_last_edited=\u00bbon|tablet\u00bb scroll_horizontal_motion=\u00bb0|50|50|100|-5|0|0&#8243; hover_enabled=\u00bb0&#8243; locked=\u00bboff\u00bb global_colors_info=\u00bb{}\u00bb sticky_enabled=\u00bb0&#8243;]<iframe loading=\"lazy\" src=\"https:\/\/proxussecurity.com\/web2\/recomendaciones.php\" height=\"1100\" width=\"100%\"><\/iframe>[\/et_pb_text][\/et_pb_column][\/et_pb_row][et_pb_row use_custom_gutter=\u00bbon\u00bb gutter_width=\u00bb2&#8243; make_equal=\u00bbon\u00bb _builder_version=\u00bb4.26.0&#8243; _module_preset=\u00bbdefault\u00bb background_enable_color=\u00bboff\u00bb positioning=\u00bbnone\u00bb vertical_offset=\u00bb-80px\u00bb vertical_offset_tablet=\u00bb0px\u00bb vertical_offset_phone=\u00bb0px\u00bb vertical_offset_last_edited=\u00bbon|tablet\u00bb position_origin_a_tablet=\u00bb\u00bb position_origin_a_phone=\u00bb\u00bb position_origin_a_last_edited=\u00bbon|tablet\u00bb position_origin_f_tablet=\u00bb\u00bb position_origin_f_phone=\u00bb\u00bb position_origin_f_last_edited=\u00bbon|tablet\u00bb position_origin_r_tablet=\u00bb\u00bb position_origin_r_phone=\u00bb\u00bb position_origin_r_last_edited=\u00bbon|tablet\u00bb width=\u00bb100%\u00bb max_width=\u00bb1170px\u00bb custom_margin=\u00bb20px||0px||false|false\u00bb custom_padding=\u00bb20px|20px|20px|20px|true|true\u00bb positioning_tablet=\u00bb\u00bb positioning_phone=\u00bb\u00bb positioning_last_edited=\u00bbon|tablet\u00bb global_colors_info=\u00bb{}\u00bb][et_pb_column type=\u00bb4_4&#8243; _builder_version=\u00bb4.23.1&#8243; _module_preset=\u00bbdefault\u00bb global_colors_info=\u00bb{}\u00bb][et_pb_text content_tablet=\u00bb<\/p>\n<h1 style=%22text-align: center;%22>PROXUS SECURITY SAC<br \/>\u00a1Seguridad, Calidad y Responsabilidad!<\/h1>\n<p>\u00bb content_phone=\u00bb<\/p>\n<h1 style=%22text-align: center;%22>PROXUS SECURITY SAC<br \/>\u00a1Seguridad, Calidad y Responsabilidad!<\/h1>\n<p>\u00bb content_last_edited=\u00bbon|tablet\u00bb _builder_version=\u00bb4.26.0&#8243; _module_preset=\u00bbdefault\u00bb header_font=\u00bbMontserrat|700|||||||\u00bb header_text_color=\u00bb#000000&#8243; header_font_size=\u00bb40px\u00bb custom_margin=\u00bb0px||0px||false|false\u00bb custom_padding=\u00bb0px||0px||false|false\u00bb scroll_horizontal_motion=\u00bb0|50|50|100|-5|0|0&#8243; header_font_size_tablet=\u00bb30px\u00bb header_font_size_phone=\u00bb25px\u00bb header_font_size_last_edited=\u00bbon|phone\u00bb header_line_height_tablet=\u00bb\u00bb header_line_height_phone=\u00bb\u00bb header_line_height_last_edited=\u00bbon|tablet\u00bb global_colors_info=\u00bb{}\u00bb]<\/p>\n<h1 style=\"text-align: center;\">PROXUS SECURITY SAC<br \/>\u00a1Seguridad, Calidad y Responsabilidad!<\/h1>\n<p>[\/et_pb_text][et_pb_button button_url=\u00bb@ET-DC@eyJkeW5hbWljIjp0cnVlLCJjb250ZW50IjoicG9zdF9saW5rX3VybF9wYWdlIiwic2V0dGluZ3MiOnsicG9zdF9pZCI6IjkwMyJ9fQ==@\u00bb button_text=\u00bbCONT\u00c1CTANOS\u00bb button_alignment=\u00bbcenter\u00bb button_alignment_tablet=\u00bbcenter\u00bb button_alignment_phone=\u00bbcenter\u00bb button_alignment_last_edited=\u00bbon|phone\u00bb _builder_version=\u00bb4.26.0&#8243; _dynamic_attributes=\u00bbbutton_url\u00bb _module_preset=\u00bbdefault\u00bb custom_button=\u00bbon\u00bb button_text_size=\u00bb15px\u00bb button_text_color=\u00bb#000000&#8243; button_bg_color=\u00bb#ffcc00&#8243; button_border_color=\u00bbRGBA(255,255,255,0)\u00bb button_border_radius=\u00bb100px\u00bb button_font=\u00bbMontserrat|600|||||||\u00bb button_icon=\u00bb&#xf3ed;||fa||900&#8243; button_icon_color=\u00bb#000000&#8243; button_icon_placement=\u00bbleft\u00bb button_on_hover=\u00bboff\u00bb custom_margin=\u00bb20px||0px||false|false\u00bb custom_margin_tablet=\u00bb||10px||false|false\u00bb custom_margin_phone=\u00bb||0px||false|false\u00bb custom_margin_last_edited=\u00bbon|phone\u00bb custom_padding=\u00bb5px||5px||true|false\u00bb scroll_horizontal_motion=\u00bb0|50|50|100|4|0|0&#8243; box_shadow_style=\u00bbpreset3&#8243; box_shadow_vertical=\u00bb4px\u00bb box_shadow_blur=\u00bb8px\u00bb box_shadow_spread=\u00bb-5px\u00bb box_shadow_color=\u00bb#000000&#8243; locked=\u00bboff\u00bb global_colors_info=\u00bb{}\u00bb button_text_color__hover=\u00bb#fadc00&#8243; button_text_color__hover_enabled=\u00bbon|desktop\u00bb button_bg_color__hover=\u00bb#000000&#8243; button_bg_color__hover_enabled=\u00bbon|hover\u00bb button_icon_color__hover=\u00bb#fadc00&#8243; button_icon_color__hover_enabled=\u00bbon|desktop\u00bb button_custom_margin_tablet=\u00bb20px||||false|false\u00bb button_custom_margin_phone=\u00bb18px||||false|false\u00bb button_custom_margin_last_edited=\u00bbon|tablet\u00bb][\/et_pb_button][\/et_pb_column][\/et_pb_row][\/et_pb_section]<\/p>\n","protected":false},"excerpt":{"rendered":"<p>ProxusPROXUS SECURITY SAC\u00a1Seguridad, Calidad y Responsabilidad!<\/p>\n","protected":false},"author":1,"featured_media":0,"parent":0,"menu_order":0,"comment_status":"closed","ping_status":"closed","template":"","meta":{"_et_pb_use_builder":"on","_et_pb_old_content":"<!-- wp:divi\/placeholder \/-->","_et_gb_content_width":"","footnotes":""},"class_list":["post-3966","page","type-page","status-publish","hentry"],"yoast_head":"<!-- This site is optimized with the Yoast SEO plugin v24.1 - https:\/\/yoast.com\/wordpress\/plugins\/seo\/ -->\n<title>Recomendaciones - Proxus Security<\/title>\n<meta name=\"robots\" content=\"index, follow, max-snippet:-1, max-image-preview:large, max-video-preview:-1\" \/>\n<link rel=\"canonical\" href=\"https:\/\/proxussecurity.com\/web\/recomendaciones\/\" \/>\n<meta property=\"og:locale\" content=\"es_ES\" \/>\n<meta property=\"og:type\" content=\"article\" \/>\n<meta property=\"og:title\" content=\"Recomendaciones - Proxus Security\" \/>\n<meta property=\"og:description\" content=\"ProxusPROXUS SECURITY SAC\u00a1Seguridad, Calidad y Responsabilidad!\" \/>\n<meta property=\"og:url\" content=\"https:\/\/proxussecurity.com\/web\/recomendaciones\/\" \/>\n<meta property=\"og:site_name\" content=\"Proxus Security\" \/>\n<meta property=\"article:publisher\" content=\"https:\/\/www.facebook.com\/gerencia.com.pe\" \/>\n<meta property=\"article:modified_time\" content=\"2024-07-26T20:04:19+00:00\" \/>\n<meta name=\"twitter:card\" content=\"summary_large_image\" \/>\n<meta name=\"twitter:label1\" content=\"Tiempo de lectura\" \/>\n\t<meta name=\"twitter:data1\" content=\"2 minutos\" \/>\n<script type=\"application\/ld+json\" class=\"yoast-schema-graph\">{\"@context\":\"https:\/\/schema.org\",\"@graph\":[{\"@type\":\"WebPage\",\"@id\":\"https:\/\/proxussecurity.com\/web\/recomendaciones\/\",\"url\":\"https:\/\/proxussecurity.com\/web\/recomendaciones\/\",\"name\":\"Recomendaciones - Proxus Security\",\"isPartOf\":{\"@id\":\"https:\/\/proxussecurity.com\/web\/#website\"},\"datePublished\":\"2024-07-26T20:01:21+00:00\",\"dateModified\":\"2024-07-26T20:04:19+00:00\",\"breadcrumb\":{\"@id\":\"https:\/\/proxussecurity.com\/web\/recomendaciones\/#breadcrumb\"},\"inLanguage\":\"es\",\"potentialAction\":[{\"@type\":\"ReadAction\",\"target\":[\"https:\/\/proxussecurity.com\/web\/recomendaciones\/\"]}]},{\"@type\":\"BreadcrumbList\",\"@id\":\"https:\/\/proxussecurity.com\/web\/recomendaciones\/#breadcrumb\",\"itemListElement\":[{\"@type\":\"ListItem\",\"position\":1,\"name\":\"Portada\",\"item\":\"https:\/\/proxussecurity.com\/web\/\"},{\"@type\":\"ListItem\",\"position\":2,\"name\":\"Recomendaciones\"}]},{\"@type\":\"WebSite\",\"@id\":\"https:\/\/proxussecurity.com\/web\/#website\",\"url\":\"https:\/\/proxussecurity.com\/web\/\",\"name\":\"Somos una consultora boutique s\u00f3lida conformada por una familia de m\u00e1s de 100 personas comprometidas en entregar calidad con un alto nivel de especializaci\u00f3n en los servicios de auditor\u00eda, impuestos y consultor\u00eda contable de negocios.\",\"description\":\"\",\"publisher\":{\"@id\":\"https:\/\/proxussecurity.com\/web\/#organization\"},\"potentialAction\":[{\"@type\":\"SearchAction\",\"target\":{\"@type\":\"EntryPoint\",\"urlTemplate\":\"https:\/\/proxussecurity.com\/web\/?s={search_term_string}\"},\"query-input\":{\"@type\":\"PropertyValueSpecification\",\"valueRequired\":true,\"valueName\":\"search_term_string\"}}],\"inLanguage\":\"es\"},{\"@type\":\"Organization\",\"@id\":\"https:\/\/proxussecurity.com\/web\/#organization\",\"name\":\"Somos una consultora boutique s\u00f3lida conformada por una familia de m\u00e1s de 100 personas comprometidas en entregar calidad con un alto nivel de especializaci\u00f3n en los servicios de auditor\u00eda, impuestos y consultor\u00eda contable de negocios.\",\"url\":\"https:\/\/proxussecurity.com\/web\/\",\"logo\":{\"@type\":\"ImageObject\",\"inLanguage\":\"es\",\"@id\":\"https:\/\/proxussecurity.com\/web\/#\/schema\/logo\/image\/\",\"url\":\"https:\/\/proxussecurity.com\/web\/\/wp-content\/uploads\/2024\/05\/logo.png\",\"contentUrl\":\"https:\/\/proxussecurity.com\/web\/\/wp-content\/uploads\/2024\/05\/logo.png\",\"width\":356,\"height\":81,\"caption\":\"Somos una consultora boutique s\u00f3lida conformada por una familia de m\u00e1s de 100 personas comprometidas en entregar calidad con un alto nivel de especializaci\u00f3n en los servicios de auditor\u00eda, impuestos y consultor\u00eda contable de negocios.\"},\"image\":{\"@id\":\"https:\/\/proxussecurity.com\/web\/#\/schema\/logo\/image\/\"},\"sameAs\":[\"https:\/\/www.facebook.com\/gerencia.com.pe\",\"https:\/\/www.instagram.com\/gerencia.com.pe\/?hl=es-la\",\"https:\/\/www.linkedin.com\/company\/gerenciacom\/\"]}]}<\/script>\n<!-- \/ Yoast SEO plugin. -->","yoast_head_json":{"title":"Recomendaciones - Proxus Security","robots":{"index":"index","follow":"follow","max-snippet":"max-snippet:-1","max-image-preview":"max-image-preview:large","max-video-preview":"max-video-preview:-1"},"canonical":"https:\/\/proxussecurity.com\/web\/recomendaciones\/","og_locale":"es_ES","og_type":"article","og_title":"Recomendaciones - Proxus Security","og_description":"ProxusPROXUS SECURITY SAC\u00a1Seguridad, Calidad y Responsabilidad!","og_url":"https:\/\/proxussecurity.com\/web\/recomendaciones\/","og_site_name":"Proxus Security","article_publisher":"https:\/\/www.facebook.com\/gerencia.com.pe","article_modified_time":"2024-07-26T20:04:19+00:00","twitter_card":"summary_large_image","twitter_misc":{"Tiempo de lectura":"2 minutos"},"schema":{"@context":"https:\/\/schema.org","@graph":[{"@type":"WebPage","@id":"https:\/\/proxussecurity.com\/web\/recomendaciones\/","url":"https:\/\/proxussecurity.com\/web\/recomendaciones\/","name":"Recomendaciones - Proxus Security","isPartOf":{"@id":"https:\/\/proxussecurity.com\/web\/#website"},"datePublished":"2024-07-26T20:01:21+00:00","dateModified":"2024-07-26T20:04:19+00:00","breadcrumb":{"@id":"https:\/\/proxussecurity.com\/web\/recomendaciones\/#breadcrumb"},"inLanguage":"es","potentialAction":[{"@type":"ReadAction","target":["https:\/\/proxussecurity.com\/web\/recomendaciones\/"]}]},{"@type":"BreadcrumbList","@id":"https:\/\/proxussecurity.com\/web\/recomendaciones\/#breadcrumb","itemListElement":[{"@type":"ListItem","position":1,"name":"Portada","item":"https:\/\/proxussecurity.com\/web\/"},{"@type":"ListItem","position":2,"name":"Recomendaciones"}]},{"@type":"WebSite","@id":"https:\/\/proxussecurity.com\/web\/#website","url":"https:\/\/proxussecurity.com\/web\/","name":"Somos una consultora boutique s\u00f3lida conformada por una familia de m\u00e1s de 100 personas comprometidas en entregar calidad con un alto nivel de especializaci\u00f3n en los servicios de auditor\u00eda, impuestos y consultor\u00eda contable de negocios.","description":"","publisher":{"@id":"https:\/\/proxussecurity.com\/web\/#organization"},"potentialAction":[{"@type":"SearchAction","target":{"@type":"EntryPoint","urlTemplate":"https:\/\/proxussecurity.com\/web\/?s={search_term_string}"},"query-input":{"@type":"PropertyValueSpecification","valueRequired":true,"valueName":"search_term_string"}}],"inLanguage":"es"},{"@type":"Organization","@id":"https:\/\/proxussecurity.com\/web\/#organization","name":"Somos una consultora boutique s\u00f3lida conformada por una familia de m\u00e1s de 100 personas comprometidas en entregar calidad con un alto nivel de especializaci\u00f3n en los servicios de auditor\u00eda, impuestos y consultor\u00eda contable de negocios.","url":"https:\/\/proxussecurity.com\/web\/","logo":{"@type":"ImageObject","inLanguage":"es","@id":"https:\/\/proxussecurity.com\/web\/#\/schema\/logo\/image\/","url":"https:\/\/proxussecurity.com\/web\/\/wp-content\/uploads\/2024\/05\/logo.png","contentUrl":"https:\/\/proxussecurity.com\/web\/\/wp-content\/uploads\/2024\/05\/logo.png","width":356,"height":81,"caption":"Somos una consultora boutique s\u00f3lida conformada por una familia de m\u00e1s de 100 personas comprometidas en entregar calidad con un alto nivel de especializaci\u00f3n en los servicios de auditor\u00eda, impuestos y consultor\u00eda contable de negocios."},"image":{"@id":"https:\/\/proxussecurity.com\/web\/#\/schema\/logo\/image\/"},"sameAs":["https:\/\/www.facebook.com\/gerencia.com.pe","https:\/\/www.instagram.com\/gerencia.com.pe\/?hl=es-la","https:\/\/www.linkedin.com\/company\/gerenciacom\/"]}]}},"_links":{"self":[{"href":"https:\/\/proxussecurity.com\/web\/wp-json\/wp\/v2\/pages\/3966","targetHints":{"allow":["GET"]}}],"collection":[{"href":"https:\/\/proxussecurity.com\/web\/wp-json\/wp\/v2\/pages"}],"about":[{"href":"https:\/\/proxussecurity.com\/web\/wp-json\/wp\/v2\/types\/page"}],"author":[{"embeddable":true,"href":"https:\/\/proxussecurity.com\/web\/wp-json\/wp\/v2\/users\/1"}],"replies":[{"embeddable":true,"href":"https:\/\/proxussecurity.com\/web\/wp-json\/wp\/v2\/comments?post=3966"}],"version-history":[{"count":3,"href":"https:\/\/proxussecurity.com\/web\/wp-json\/wp\/v2\/pages\/3966\/revisions"}],"predecessor-version":[{"id":3969,"href":"https:\/\/proxussecurity.com\/web\/wp-json\/wp\/v2\/pages\/3966\/revisions\/3969"}],"wp:attachment":[{"href":"https:\/\/proxussecurity.com\/web\/wp-json\/wp\/v2\/media?parent=3966"}],"curies":[{"name":"wp","href":"https:\/\/api.w.org\/{rel}","templated":true}]}}